{"id":229,"date":"2015-07-27T03:29:01","date_gmt":"2015-07-27T03:29:01","guid":{"rendered":"http:\/\/demo.vegatheme.com\/archilight\/?page_id=229"},"modified":"2024-02-27T06:44:08","modified_gmt":"2024-02-27T05:44:08","slug":"about","status":"publish","type":"page","link":"https:\/\/bfeintearchitectes.com\/index.php\/about\/","title":{"rendered":"About"},"content":{"rendered":"<div class=\"wpb-content-wrapper\"><p>[vc_row content_placement=&#8221;middle&#8221; fullwidth=&#8221;yes&#8221; css=&#8221;.vc_custom_1707171238526{margin-top: -50px !important;background-image: url(http:\/\/bfeintearchitectes.com\/wp-content\/uploads\/2024\/02\/ricardo-gomez-angel-opFPVxMRpP8-unsplash-scaled.jpg?id=1702) !important;background-position: center !important;background-repeat: no-repeat !important;background-size: cover !important;}&#8221;][vc_column][vc_column_text css=&#8221;.vc_custom_1707166910693{margin-top: 100px !important;margin-bottom: 100px !important;}&#8221;]<\/p>\n<h1>Agence<\/h1>\n<p>[\/vc_column_text][\/vc_column][\/vc_row][vc_row content_placement=&#8221;middle&#8221; fullwidth=&#8221;yes&#8221; css=&#8221;.vc_custom_1707085722769{padding-top: 30px !important;padding-bottom: 90px !important;background-color: #f5f5f5 !important;}&#8221;][vc_column animate=&#8221;fadeinup&#8221; el_class=&#8221;container-4&#8243;]\n\t<!-- Element: OT Heading --> \t \n\t<h1 class=\"ot_custom_heading  \" style=\"text-align: center;color: #262626;\" >Bertrand Feinte<\/h1>\t\n\t<!-- Element: OT Line solid --> \t \n\t<div class=\"line-dark separator \"><span><i class=\"fa fa-circle\"><\/i><\/span><\/div>\n\t<div class=\"spacer-single\"><\/div>\t      \n[vc_row_inner content_placement=&#8221;middle&#8221;][vc_column_inner width=&#8221;1\/2&#8243;][vc_single_image image=&#8221;1829&#8243; img_size=&#8221;full&#8221; css_animation=&#8221;slideInLeft&#8221;][\/vc_column_inner][vc_column_inner width=&#8221;1\/2&#8243;][vc_column_text css_animation=&#8221;slideInRight&#8221; el_class=&#8221;text-dark&#8221;]<\/p>\n<h1><span style=\"font-weight: 400;\">Qui Sommes Nous<\/span><\/h1>\n<p>[\/vc_column_text][vc_column_text css_animation=&#8221;slideInRight&#8221; el_class=&#8221;text-dark&#8221;]<span style=\"font-weight: 400;\">L\u2019agence est issue du regroupement de plusieurs architectes d\u00e9cid\u00e9s d\u2019associer et de partager leurs aptitudes, connaissances et comp\u00e9tences, en partenariat avec d\u2019autres intervenants de l\u2019acte de construire : bureaux d\u2019\u00e9tudes, structure, fluide, \u00e9conomie, acoustique, paysagistes, graphistes.<\/span><\/p>\n<p><span style=\"font-weight: 400;\">Ce regroupement vise l\u2019\u00e9tablissement de la meilleure synergie n\u00e9cessaire \u00e0 l\u2019\u00e9laboration du projet.<\/span><\/p>\n<p><span style=\"font-weight: 400;\"><strong>Date de cr\u00e9ation :<\/strong> septembre 2002<\/span>[\/vc_column_text][\/vc_column_inner][\/vc_row_inner][vc_row_inner content_placement=&#8221;middle&#8221;][vc_column_inner width=&#8221;1\/2&#8243;][vc_column_text css_animation=&#8221;slideInRight&#8221; el_class=&#8221;text-dark&#8221;]<\/p>\n<h1><span style=\"font-weight: 400;\">\u00a0N<\/span><span style=\"font-weight: 400;\">otre Philosophie<\/span><\/h1>\n<p>[\/vc_column_text][vc_column_text css_animation=&#8221;slideInLeft&#8221; el_class=&#8221;text-dark&#8221; css=&#8221;.vc_custom_1708973327637{margin-left: 20px !important;}&#8221;]<span style=\"font-weight: 400;\">Notre agence regroupe une \u00e9quipe ayant d\u00e9j\u00e0 r\u00e9alis\u00e9e des b\u00e2timents et \u00e9quipements de tailles importantes.<\/span><\/p>\n<p><span style=\"font-weight: 400;\">Forts de ces exp\u00e9riences acquises, nous nous mettons \u00e0 votre service, accompagn\u00e9s par des bureaux d\u2019\u00e9tudes ayant de nombreuses et significatives r\u00e9f\u00e9rences dans les domaines du logement et des \u00e9quipements collectifs afin de r\u00e9pondre au mieux \u00e0 tous vos programmes.<\/span><\/p>\n<p><span style=\"font-weight: 400;\">La taille de notre agence vous assure \u00e9galement d\u2019avoir le m\u00eame interlocuteur du d\u00e9but \u00e0 la fin de l\u2019op\u00e9ration avec une disponibilit\u00e9 et une r\u00e9activit\u00e9 adapt\u00e9e \u00e0 vos pr\u00e9occupations.<\/span><\/p>\n<p><span style=\"font-weight: 400;\">Respect des programmes, du co\u00fbt et des d\u00e9lais sont des objectifs de toujours, mais aussi respect et consid\u00e9ration de l\u2019individu, attente de plaisirs et d\u2019\u00e9motions, recherche de sens sont les valeurs que doivent incarner les constructions de notre quotidien.<\/span>[\/vc_column_text][\/vc_column_inner][vc_column_inner width=&#8221;1\/2&#8243;][vc_single_image image=&#8221;1825&#8243; img_size=&#8221;large&#8221; css_animation=&#8221;slideInRight&#8221;][\/vc_column_inner][\/vc_row_inner][\/vc_column][\/vc_row][vc_row css=&#8221;.vc_custom_1438749369192{padding-top: 90px !important;padding-bottom: 90px !important;background-color: #f5f5f5 !important;}&#8221;][vc_column]\n\t<!-- Element: OT Heading --> \t \n\t<h1 class=\"ot_custom_heading  \" style=\"text-align: center;color: #262626;\" >NOTRE \u00c9QUIPE<\/h1>\t\n\t<!-- Element: OT Line solid --> \t \n\t<div class=\"line-dark separator \"><span><i class=\"fa fa-circle\"><\/i><\/span><\/div>\n\t<div class=\"spacer-single\"><\/div>\t      \n[\/vc_column][vc_column width=&#8221;1\/3&#8243;]\n\t<!-- Element: OT Our Team 2 --> \t \n    <!-- team member -->\n    <div class=\"de-team-list-2 team-box\">\n\n    \t\t        <div class=\"team-pic\">\n\t        \t<img loading=\"lazy\" decoding=\"async\" width=\"512\" height=\"512\" src=\"https:\/\/bfeintearchitectes.com\/wp-content\/uploads\/2024\/02\/unnamed-1.jpg\" class=\"img-responsive\" alt=\"\" srcset=\"https:\/\/bfeintearchitectes.com\/wp-content\/uploads\/2024\/02\/unnamed-1.jpg 512w, https:\/\/bfeintearchitectes.com\/wp-content\/uploads\/2024\/02\/unnamed-1-300x300.jpg 300w, https:\/\/bfeintearchitectes.com\/wp-content\/uploads\/2024\/02\/unnamed-1-150x150.jpg 150w, https:\/\/bfeintearchitectes.com\/wp-content\/uploads\/2024\/02\/unnamed-1-100x100.jpg 100w\" sizes=\"auto, (max-width: 512px) 100vw, 512px\" title=\"unnamed (1)\" \/>         \n\t        <\/div>\n        \n        <div class=\"team-desc\">\n            <h3>Bertrand FEINTE<\/h3>\n            <p class=\"lead\">Architecte DPLG g\u00e9rant<\/p>            <div class=\"small-border\"><\/div>\n                        <div class=\"social\">\n                \t\t\t\t\t<a href=\"\" target=\"_blank\"><i class=\"fa fa- fa-lg\"><\/i><\/a>\n\t\t\t\t            <\/div>\n        <\/div>\n    <\/div>\n    <!-- team close -->\n\n[\/vc_column][vc_column width=&#8221;1\/3&#8243;]\n\t<!-- Element: OT Our Team 2 --> \t \n    <!-- team member -->\n    <div class=\"de-team-list-2 team-box\">\n\n    \t\t        <div class=\"team-pic\">\n\t        \t<img loading=\"lazy\" decoding=\"async\" width=\"512\" height=\"512\" src=\"https:\/\/bfeintearchitectes.com\/wp-content\/uploads\/2024\/02\/unnamed-2.jpg\" class=\"img-responsive\" alt=\"\" srcset=\"https:\/\/bfeintearchitectes.com\/wp-content\/uploads\/2024\/02\/unnamed-2.jpg 512w, https:\/\/bfeintearchitectes.com\/wp-content\/uploads\/2024\/02\/unnamed-2-300x300.jpg 300w, https:\/\/bfeintearchitectes.com\/wp-content\/uploads\/2024\/02\/unnamed-2-150x150.jpg 150w, https:\/\/bfeintearchitectes.com\/wp-content\/uploads\/2024\/02\/unnamed-2-100x100.jpg 100w\" sizes=\"auto, (max-width: 512px) 100vw, 512px\" title=\"unnamed (2)\" \/>         \n\t        <\/div>\n        \n        <div class=\"team-desc\">\n            <h3>Azmi BELAID<\/h3>\n            <p class=\"lead\">Architecte Chef de projet<\/p>            <div class=\"small-border\"><\/div>\n                        <div class=\"social\">\n                \t\t\t\t\t<a href=\"\" target=\"_blank\"><i class=\"fa fa- fa-lg\"><\/i><\/a>\n\t\t\t\t            <\/div>\n        <\/div>\n    <\/div>\n    <!-- team close -->\n\n[\/vc_column][vc_column width=&#8221;1\/3&#8243;]\n\t<!-- Element: OT Our Team 2 --> \t \n    <!-- team member -->\n    <div class=\"de-team-list-2 team-box\">\n\n    \t\t        <div class=\"team-pic\">\n\t        \t<img loading=\"lazy\" decoding=\"async\" width=\"512\" height=\"512\" src=\"https:\/\/bfeintearchitectes.com\/wp-content\/uploads\/2024\/02\/unnamed-3.jpg\" class=\"img-responsive\" alt=\"\" srcset=\"https:\/\/bfeintearchitectes.com\/wp-content\/uploads\/2024\/02\/unnamed-3.jpg 512w, https:\/\/bfeintearchitectes.com\/wp-content\/uploads\/2024\/02\/unnamed-3-300x300.jpg 300w, https:\/\/bfeintearchitectes.com\/wp-content\/uploads\/2024\/02\/unnamed-3-150x150.jpg 150w, https:\/\/bfeintearchitectes.com\/wp-content\/uploads\/2024\/02\/unnamed-3-100x100.jpg 100w\" sizes=\"auto, (max-width: 512px) 100vw, 512px\" title=\"unnamed (3)\" \/>         \n\t        <\/div>\n        \n        <div class=\"team-desc\">\n            <h3>Sarah Michelle<\/h3>\n            <p class=\"lead\">Architecte Chef de projet<\/p>            <div class=\"small-border\"><\/div>\n                        <div class=\"social\">\n                \t\t\t\t\t<a href=\"\" target=\"_blank\"><i class=\"fa fa- fa-lg\"><\/i><\/a>\n\t\t\t\t            <\/div>\n        <\/div>\n    <\/div>\n    <!-- team close -->\n\n[\/vc_column][\/vc_row][vc_row css=&#8221;.vc_custom_1495600990831{padding-top: 90px !important;padding-bottom: 90px !important;background-image: url(http:\/\/demo.archiwp.com\/light-version\/wp-content\/uploads\/sites\/2\/2015\/10\/bg-2.jpg?id=826) !important;background-position: center !important;background-repeat: no-repeat !important;background-size: cover !important;}&#8221; el_class=&#8221;text-light bg-fixed&#8221;][vc_column]\n\t<!-- Element: OT Heading --> \t \n\t<h1 class=\"ot_custom_heading  \" style=\"text-align: center;color: #ffffff;\" >NOS COMP\u00c9TENCES<\/h1>\t\n\t<!-- Element: OT Line solid --> \t \n\t<div class=\" separator \"><span><i class=\"fa fa-circle\"><\/i><\/span><\/div>\n\t<div class=\"spacer-single\"><\/div>\t      \n[\/vc_column][vc_column]\n\t<!-- Element: OT Process -->\n    <div class=\"de_tab tab_steps tab_4  \">\n        <ul class=\"de_nav process-circle-textonly\">\n\t        \t            <li class=\"active wow fadeIn \" data-wow-delay=\"0.4s\">\n\t            \t<span class=\"content-mid\">\n\t            \t\t<div class=\"inner\">\t\t\n\t            \t\t\tMeet &#038; Agree\t            \t\t<\/div>\n\t            \t<\/span>\t\t        \n\t\t            <div class=\"v-border\"><\/div>\n\t            <\/li>\n\t            \n\t        \t            <li class=\" wow fadeIn \" data-wow-delay=\"0.8s\">\n\t            \t<span class=\"content-mid\">\n\t            \t\t<div class=\"inner\">\t\t\n\t            \t\t\tIdea &#038; Concept\t            \t\t<\/div>\n\t            \t<\/span>\t\t        \n\t\t            <div class=\"v-border\"><\/div>\n\t            <\/li>\n\t            \n\t        \t            <li class=\" wow fadeIn \" data-wow-delay=\"1.2s\">\n\t            \t<span class=\"content-mid\">\n\t            \t\t<div class=\"inner\">\t\t\n\t            \t\t\tDesign &#038; Create\t            \t\t<\/div>\n\t            \t<\/span>\t\t        \n\t\t            <div class=\"v-border\"><\/div>\n\t            <\/li>\n\t            \n\t        \t            <li class=\" wow fadeIn \" data-wow-delay=\"1.6s\">\n\t            \t<span class=\"content-mid\">\n\t            \t\t<div class=\"inner\">\t\t\n\t            \t\t\tBuild &#038; Install\t            \t\t<\/div>\n\t            \t<\/span>\t\t        \n\t\t            <div class=\"v-border\"><\/div>\n\t            <\/li>\n\t            \n\t                <\/ul>\n\n        <div class=\"de_tab_content\">\n\t        \t            <div id=\"tab-615\" class=\"de_tab_content_inner\">\n\t                <p>Sed ut perspiciatis unde omnis iste natus error sit voluptatem accusantium doloremque laudantium, totam rem aperiam, eaque ipsa quae ab illo inventore veritatis et quasi architecto beatae vitae dicta sunt explicabo. Nemo enim ipsam voluptatem quia voluptas sit aspernatur aut odit aut fugit, sed quia consequuntur magni dolores eos qui ratione voluptatem sequi nesciunt. Neque porro quisquam est, qui dolorem ipsum quia dolor sit amet, consectetur, adipisci velit, sed quia non numquam eius modi tempora incidunt ut labore et dolore magnam aliquam quaerat voluptatem. Ut enim ad minima veniam.<\/p>\n\t            <\/div>\n\t        \t            <div id=\"tab-616\" class=\"de_tab_content_inner\">\n\t                <p>Sed ut perspiciatis unde omnis iste natus error sit voluptatem accusantium doloremque laudantium, totam rem aperiam, eaque ipsa quae ab illo inventore veritatis et quasi architecto beatae vitae dicta sunt explicabo. Nemo enim ipsam voluptatem quia voluptas sit aspernatur aut odit aut fugit, sed quia consequuntur magni dolores eos qui ratione voluptatem sequi nesciunt. Neque porro quisquam est, qui dolorem ipsum quia dolor sit amet, consectetur, adipisci velit, sed quia non numquam eius modi tempora incidunt ut labore et dolore magnam aliquam quaerat voluptatem. Ut enim ad minima veniam.<\/p>\n\t            <\/div>\n\t        \t            <div id=\"tab-617\" class=\"de_tab_content_inner\">\n\t                <p>Sed ut perspiciatis unde omnis iste natus error sit voluptatem accusantium doloremque laudantium, totam rem aperiam, eaque ipsa quae ab illo inventore veritatis et quasi architecto beatae vitae dicta sunt explicabo. Nemo enim ipsam voluptatem quia voluptas sit aspernatur aut odit aut fugit, sed quia consequuntur magni dolores eos qui ratione voluptatem sequi nesciunt. Neque porro quisquam est, qui dolorem ipsum quia dolor sit amet, consectetur, adipisci velit, sed quia non numquam eius modi tempora incidunt ut labore et dolore magnam aliquam quaerat voluptatem. Ut enim ad minima veniam.<\/p>\n\t            <\/div>\n\t        \t            <div id=\"tab-618\" class=\"de_tab_content_inner\">\n\t                <p>Sed ut perspiciatis unde omnis iste natus error sit voluptatem accusantium doloremque laudantium, totam rem aperiam, eaque ipsa quae ab illo inventore veritatis et quasi architecto beatae vitae dicta sunt explicabo. Nemo enim ipsam voluptatem quia voluptas sit aspernatur aut odit aut fugit, sed quia consequuntur magni dolores eos qui ratione voluptatem sequi nesciunt. Neque porro quisquam est, qui dolorem ipsum quia dolor sit amet, consectetur, adipisci velit, sed quia non numquam eius modi tempora incidunt ut labore et dolore magnam aliquam quaerat voluptatem. Ut enim ad minima veniam.<\/p>\n\t            <\/div>\n\t                <\/div>\n    <\/div>\n\n[\/vc_column][\/vc_row]<\/p>\n<\/div>","protected":false},"excerpt":{"rendered":"<p>[vc_row content_placement=&#8221;middle&#8221; fullwidth=&#8221;yes&#8221; css=&#8221;.vc_custom_1707171238526{margin-top: -50px !important;background-image: url(http:\/\/bfeintearchitectes.com\/wp-content\/uploads\/2024\/02\/ricardo-gomez-angel-opFPVxMRpP8-unsplash-scaled.jpg?id=1702) !important;background-position: center !important;background-repeat: no-repeat !important;background-size: cover !important;}&#8221;][vc_column][vc_column_text css=&#8221;.vc_custom_1707166910693{margin-top: 100px !important;margin-bottom: 100px !important;}&#8221;] Agence [\/vc_column_text][\/vc_column][\/vc_row][vc_row content_placement=&#8221;middle&#8221; fullwidth=&#8221;yes&#8221; css=&#8221;.vc_custom_1707085722769{padding-top: 30px !important;padding-bottom: 90px !important;background-color: #f5f5f5 !important;}&#8221;][vc_column animate=&#8221;fadeinup&#8221; el_class=&#8221;container-4&#8243;][vc_row_inner content_placement=&#8221;middle&#8221;][vc_column_inner width=&#8221;1\/2&#8243;][vc_single_image image=&#8221;1829&#8243; img_size=&#8221;full&#8221; css_animation=&#8221;slideInLeft&#8221;][\/vc_column_inner][vc_column_inner width=&#8221;1\/2&#8243;][vc_column_text css_animation=&#8221;slideInRight&#8221; el_class=&#8221;text-dark&#8221;] Qui Sommes Nous [\/vc_column_text][vc_column_text css_animation=&#8221;slideInRight&#8221; el_class=&#8221;text-dark&#8221;]L\u2019agence est issue du regroupement de plusieurs architectes d\u00e9cid\u00e9s d\u2019associer [&hellip;]<\/p>\n","protected":false},"author":3,"featured_media":0,"parent":0,"menu_order":0,"comment_status":"open","ping_status":"open","template":"page-templates\/template-fullwidth.php","meta":{"footnotes":""},"class_list":["post-229","page","type-page","status-publish","hentry"],"_links":{"self":[{"href":"https:\/\/bfeintearchitectes.com\/index.php\/wp-json\/wp\/v2\/pages\/229","targetHints":{"allow":["GET"]}}],"collection":[{"href":"https:\/\/bfeintearchitectes.com\/index.php\/wp-json\/wp\/v2\/pages"}],"about":[{"href":"https:\/\/bfeintearchitectes.com\/index.php\/wp-json\/wp\/v2\/types\/page"}],"author":[{"embeddable":true,"href":"https:\/\/bfeintearchitectes.com\/index.php\/wp-json\/wp\/v2\/users\/3"}],"replies":[{"embeddable":true,"href":"https:\/\/bfeintearchitectes.com\/index.php\/wp-json\/wp\/v2\/comments?post=229"}],"version-history":[{"count":31,"href":"https:\/\/bfeintearchitectes.com\/index.php\/wp-json\/wp\/v2\/pages\/229\/revisions"}],"predecessor-version":[{"id":1752,"href":"https:\/\/bfeintearchitectes.com\/index.php\/wp-json\/wp\/v2\/pages\/229\/revisions\/1752"}],"wp:attachment":[{"href":"https:\/\/bfeintearchitectes.com\/index.php\/wp-json\/wp\/v2\/media?parent=229"}],"curies":[{"name":"wp","href":"https:\/\/api.w.org\/{rel}","templated":true}]}}