{"id":1073,"date":"2016-11-29T08:44:39","date_gmt":"2016-11-29T08:44:39","guid":{"rendered":"http:\/\/demo.oceanthemes.net\/archi\/version-light\/?page_id=1073"},"modified":"2016-11-29T08:44:39","modified_gmt":"2016-11-29T08:44:39","slug":"homepage-new","status":"publish","type":"page","link":"https:\/\/bfeintearchitectes.com\/index.php\/homepage-new\/","title":{"rendered":"Homepage New"},"content":{"rendered":"<div class=\"wpb-content-wrapper\"><p>[vc_row fullwidth=&#8221;yes&#8221; archi_fullheight=&#8221;yes&#8221; archi_parallax=&#8221;yes&#8221; css=&#8221;.vc_custom_1481167301034{padding-top: 90px !important;padding-bottom: 90px !important;background-image: url(http:\/\/bfeintearchitectes.com\/wp-content\/uploads\/2016\/11\/bg-20.jpg?id=1143) !important;}&#8221; el_class=&#8221;no-relative full-height&#8221;][vc_column]\t\n\t<!-- Element: OT Home Parallax Image Landing -->\n\t   \n    <div class=\"center-y text-center\">\n    \t \n\t\t\t<div class=\"spacer-double\"><\/div>\n\t\t\n    \t\t        <h1 class=\"title\" >Bring <strong>Magic<\/strong> to home<\/h1>\n\t     \n\t    \n\t       \n\t    \t<div class=\"spacer-single\"><\/div>\n\t    \n                <a href=\"#\" class=\"btn-slider scroll-to\" title=\"Hire Us Now\" target=\"_self\">Hire Us Now<\/a>        \n    <\/div>\n    \n[\/vc_column][\/vc_row][vc_row][vc_column el_class=&#8221;mt-70&#8243;]\t<!-- Element: OT Featured Boxes 2 --> \n   <div class=\"row\">\n            \t<div class=\" wow fadeInRight col-md-4 text-middle\" data-wow-delay=\"1s\" >\n            <div class=\"shadow-soft\" data-bgimage=\"url(https:\/\/bfeintearchitectes.com\/wp-content\/uploads\/2016\/11\/p1_b.jpg)\">\n                <div class=\"padding40 overlay60\">\n                    <h3>Residential Design<\/h3>                \t<p>Our commitment to quality and services ensure our clients happy. With years of experiences and continuing research, our team is ready to serve your interior design needs. We're happy to make you feel more comfortable on your home.<\/p>                    <a href=\"http:\/\/demo.oceanthemes.net\/archi\/version-light\/services\/residential-design\/\" target=\"_self\" class=\"btn-line btn-fullwidth\">Read More<\/a>                <\/div>\n            <\/div>\n        <\/div>\n            \t<div class=\" wow fadeInRight col-md-4 text-middle\" data-wow-delay=\"2s\" >\n            <div class=\"shadow-soft\" data-bgimage=\"url(https:\/\/bfeintearchitectes.com\/wp-content\/uploads\/2016\/11\/p3_b.jpg)\">\n                <div class=\"padding40 overlay60\">\n                    <h3>Office Design<\/h3>                \t<p>Our commitment to quality and services ensure our clients happy. With years of experiences and continuing research, our team is ready to serve your interior design needs. We're happy to make you feel more comfortable on your home.<\/p>                    <a href=\"http:\/\/demo.oceanthemes.net\/archi\/version-light\/services\/office-design\/\" target=\"_self\" class=\"btn-line btn-fullwidth\">Read More<\/a>                <\/div>\n            <\/div>\n        <\/div>\n            \t<div class=\" wow fadeInRight col-md-4 text-middle\" data-wow-delay=\"3s\" >\n            <div class=\"shadow-soft\" data-bgimage=\"url(https:\/\/bfeintearchitectes.com\/wp-content\/uploads\/2016\/11\/p4_a.jpg)\">\n                <div class=\"padding40 overlay60\">\n                    <h3>Commercial Design<\/h3>                \t<p>Our commitment to quality and services ensure our clients happy. With years of experiences and continuing research, our team is ready to serve your interior design needs. We're happy to make you feel more comfortable on your home.<\/p>                    <a href=\"http:\/\/demo.oceanthemes.net\/archi\/version-light\/services\/commercial-design\/\" target=\"_self\" class=\"btn-line btn-fullwidth\">Read More<\/a>                <\/div>\n            <\/div>\n        <\/div>\n         <\/div>\n\n[\/vc_column][\/vc_row][vc_row el_id=&#8221;section-why-choose-us-2&#8243; css=&#8221;.vc_custom_1480068996195{padding-top: 90px !important;padding-bottom: 90px !important;}&#8221;][vc_column width=&#8221;1\/3&#8243;][vc_single_image image=&#8221;1017&#8243; img_size=&#8221;full&#8221; css=&#8221;.vc_custom_1495620378976{margin-bottom: 0px !important;}&#8221;][\/vc_column][vc_column width=&#8221;2\/3&#8243; animate=&#8221;fadeinup&#8221; delay=&#8221;0&#8243;][vc_row_inner][vc_column_inner width=&#8221;1\/2&#8243; animate=&#8221;fadeinright&#8221; delay=&#8221;0&#8243;]\t\t\n\t<!-- OT Info Apps 2 -->\n    <div class=\" box-icon \">\n\t     \n\t    \t<span class=\"icon wow fadeIn\" data-wow-delay=&quot;.5s&quot;>\n\t        \t<i class=\"id-color icon-paintbrush\" ><\/i>\n\t        <\/span>\n\t       \n        <div class=\"text\">\n            <h3>Interior Expertise<\/h3>\n            <p>Sed ut perspiciatis unde omnis iste natus error sit voluptatem accusantium doloremque laudantium, totam rem aperiam, eaque ipsa quae.<\/p>\n                    <\/div>        \n    <\/div>    \n\n[\/vc_column_inner][vc_column_inner width=&#8221;1\/2&#8243; animate=&#8221;fadeinright&#8221; delay=&#8221;.25&#8243;]\t\t\n\t<!-- OT Info Apps 2 -->\n    <div class=\" box-icon \">\n\t     \n\t    \t<span class=\"icon wow fadeIn\" data-wow-delay=&quot;.75s&quot;>\n\t        \t<i class=\"id-color icon-trophy\" ><\/i>\n\t        <\/span>\n\t       \n        <div class=\"text\">\n            <h3>Awards Winning<\/h3>\n            <p>Sed ut perspiciatis unde omnis iste natus error sit voluptatem accusantium doloremque laudantium, totam rem aperiam, eaque ipsa quae.<\/p>\n                    <\/div>        \n    <\/div>    \n\n[\/vc_column_inner][vc_column_inner][vc_empty_space height=&#8221;30px&#8221;][\/vc_column_inner][vc_column_inner width=&#8221;1\/2&#8243; animate=&#8221;fadeinright&#8221; delay=&#8221;.5&#8243;]\t\t\n\t<!-- OT Info Apps 2 -->\n    <div class=\" box-icon \">\n\t     \n\t    \t<span class=\"icon wow fadeIn\" data-wow-delay=&quot;1.25s&quot;>\n\t        \t<i class=\"id-color icon-wallet\" ><\/i>\n\t        <\/span>\n\t       \n        <div class=\"text\">\n            <h3>REASONABLE PRICE<\/h3>\n            <p>Sed ut perspiciatis unde omnis iste natus error sit voluptatem accusantium doloremque laudantium, totam rem aperiam, eaque ipsa quae.<\/p>\n                    <\/div>        \n    <\/div>    \n\n[\/vc_column_inner][vc_column_inner width=&#8221;1\/2&#8243; animate=&#8221;fadeinright&#8221; delay=&#8221;.75&#8243;]\t\t\n\t<!-- OT Info Apps 2 -->\n    <div class=\" box-icon \">\n\t     \n\t    \t<span class=\"icon wow fadeIn\" data-wow-delay=&quot;1s&quot;>\n\t        \t<i class=\"id-color icon-chat\" ><\/i>\n\t        <\/span>\n\t       \n        <div class=\"text\">\n            <h3>Free Consultation<\/h3>\n            <p>Sed ut perspiciatis unde omnis iste natus error sit voluptatem accusantium doloremque laudantium, totam rem aperiam, eaque ipsa quae.<\/p>\n                    <\/div>        \n    <\/div>    \n\n[\/vc_column_inner][vc_column_inner][vc_empty_space height=&#8221;30px&#8221;][\/vc_column_inner][vc_column_inner width=&#8221;1\/2&#8243; animate=&#8221;fadeinright&#8221; delay=&#8221;1&#8243;]\t\t\n\t<!-- OT Info Apps 2 -->\n    <div class=\" box-icon \">\n\t     \n\t    \t<span class=\"icon wow fadeIn\" data-wow-delay=&quot;1.75s&quot;>\n\t        \t<i class=\"id-color icon-envelope\" ><\/i>\n\t        <\/span>\n\t       \n        <div class=\"text\">\n            <h3>24 \/ 7 Support<\/h3>\n            <p>Sed ut perspiciatis unde omnis iste natus error sit voluptatem accusantium doloremque laudantium, totam rem aperiam, eaque ipsa quae.<\/p>\n                    <\/div>        \n    <\/div>    \n\n[\/vc_column_inner][vc_column_inner width=&#8221;1\/2&#8243; animate=&#8221;fadeinright&#8221; delay=&#8221;1.25&#8243;]\t\t\n\t<!-- OT Info Apps 2 -->\n    <div class=\" box-icon \">\n\t     \n\t    \t<span class=\"icon wow fadeIn\" data-wow-delay=&quot;1.5s&quot;>\n\t        \t<i class=\"id-color icon-recycle\" ><\/i>\n\t        <\/span>\n\t       \n        <div class=\"text\">\n            <h3>Guaranteed Works<\/h3>\n            <p>Sed ut perspiciatis unde omnis iste natus error sit voluptatem accusantium doloremque laudantium, totam rem aperiam, eaque ipsa quae.<\/p>\n                    <\/div>        \n    <\/div>    \n\n[\/vc_column_inner][\/vc_row_inner][\/vc_column][\/vc_row][vc_row css=&#8221;.vc_custom_1495620712799{padding-top: 90px !important;padding-bottom: 90px !important;background-image: url(http:\/\/demo.archiwp.com\/light-version\/wp-content\/uploads\/sites\/2\/2016\/10\/bg-17.jpg?id=1021) !important;}&#8221; el_class=&#8221;text-light bg-fixed&#8221;][vc_column width=&#8221;1\/2&#8243;][vc_column_text]<\/p>\n<h2>Awards Winning Interior Design<\/h2>\n<p class=\"lead\">Lorem ipsum dolor sit amet, consectetur adipisicing elit, sed<br \/>\ndo eiusmod tempor incididunt ut labore et dolore magna aliqua. Ut enim ad minim veniam, quis nostrud exercitation ullamco laboris.<\/p>\n<p>Nemo enim ipsam voluptatem quia voluptas sit aspernatur aut odit aut fugit, sed quia consequuntur magni dolores eos qui ratione voluptatem sequi nesciunt. Neque porro quisquam est, qui dolorem ipsum quia dolor sit amet, consectetur, adipisci velit, sed quia non numquam eius modi tempora incidunt ut labore et dolore magnam aliquam quaerat voluptatem.<\/p>\n<p><a class=\"btn-custom\" href=\"http:\/\/demo.archiwp.com\/light-version\/about\/\">Read more<\/a>[\/vc_column_text][\/vc_column][vc_column width=&#8221;1\/2&#8243;][vc_single_image image=&#8221;1075&#8243; img_size=&#8221;full&#8221; css=&#8221;.vc_custom_1495620606230{margin-bottom: 0px !important;}&#8221;][\/vc_column][\/vc_row][vc_row el_class=&#8221;bg-color text-dark text-center&#8221; css=&#8221;.vc_custom_1480073166455{padding-top: 40px !important;padding-bottom: 40px !important;}&#8221;][vc_column]<!-- Element: OT Typing Text -->\n<div class=\"typing-wrap \"  data-id=\"69f2e6cf672c0\" data-cursorchar=\"|\" data-speed=\"100\" data-delay=\"1500\">\n    We do\t<div class=\"typed-strings\">\n\t\t\t\t\t<p >Residential Design<\/p>\t\n\t\t\t\t\t<p >Office Design<\/p>\t\n\t\t\t\t\t<p >Hospitaly Design<\/p>\t\n\t\t\t\t\t<p >Commercial Design<\/p>\t\n\t\t\t\t\t\t\t\t\t\t\n\t<\/div>\n    <span class=\"typed-69f2e6cf672c0\"><\/span>\n<\/div>\n\n[\/vc_column][\/vc_row][vc_row css=&#8221;.vc_custom_1495620957487{padding-top: 30px !important;padding-bottom: 90px !important;}&#8221; el_class=&#8221;filter-margin-bottom-40&#8243;][vc_column el_class=&#8221;filter-mb-60&#8243;]  \n\n\t<!-- Element: OT Portfolio Inverted Style -->\n\t<div class=\"projects-grid-wrapper\">\n\t\t\t\t\t<!-- portfolio filter begin -->\n\t\t    <div class=\"row\">\n\t\t        <div class=\"col-md-12\">\n\t\t            <ul class=\"project_filters s2 wow fadeInUp\" data-wow-delay=\"0s\">\n\t\t            \t<li class=\"pull-right\"><a href=\"#\" data-filter=\"*\" class=\"selected\">ALL PROJECTS<\/a><\/li>                    \n\t\t                \t\t                  <li><a href=\"#\" data-filter=\".category-55\">Bureaux<\/a><\/li>\n\t\t                \t\t                  <li><a href=\"#\" data-filter=\".category-58\">Collectif<\/a><\/li>\n\t\t                \t\t                  <li><a href=\"#\" data-filter=\".category-59\">Culturel<\/a><\/li>\n\t\t                \t\t                  <li><a href=\"#\" data-filter=\".category-60\">Enseignement<\/a><\/li>\n\t\t                \t\t                  <li><a href=\"#\" data-filter=\".category-56\">Equipement T<\/a><\/li>\n\t\t                \t\t                  <li><a href=\"#\" data-filter=\".category-37\">Equipements<\/a><\/li>\n\t\t                \t\t                  <li><a href=\"#\" data-filter=\".category-57\">Indiv<\/a><\/li>\n\t\t                \t\t                  <li><a href=\"#\" data-filter=\".category-41\">Logements<\/a><\/li>\n\t\t                \t\t                  <li><a href=\"#\" data-filter=\".category-63\">Meilleurs Projets<\/a><\/li>\n\t\t                \t\t                  <li><a href=\"#\" data-filter=\".category-61\">Parking<\/a><\/li>\n\t\t                \t\t                  <li><a href=\"#\" data-filter=\".category-62\">Sport<\/a><\/li>\n\t\t                \t\t                  <li><a href=\"#\" data-filter=\".category-54\">Tertiaire<\/a><\/li>\n\t\t                \t\t                  <li><a href=\"#\" data-filter=\".category-42\">Urbains<\/a><\/li>\n\t\t                                    \n\t\t            <\/ul>\n\t\t        <\/div>\n\t\t    <\/div>\n\t\t\t<!-- portfolio filter close -->\n\t\t\n\t    <div class=\"row projects-grid projects-load-ajax overlay_s2 wow fadeInUp\" data-wow-delay=\".3s\">\n\t    \t<div class=\"project-item-sizer col-md-4\"><\/div>\n\t                     \n\t        <!-- gallery item -->\n\t        <div class=\"project-item category-58 category-41  col-md-4\">\n\t        \t<div class=\"projects-box\">\n\t\t\t\t\t<div class=\"projects-thumbnail\">\n\t\t\t\t\t\t<img loading=\"lazy\" decoding=\"async\" width=\"750\" height=\"499\" src=\"https:\/\/bfeintearchitectes.com\/wp-content\/uploads\/2024\/03\/202-Gattieres-copie-750x499.jpg\" class=\"attachment-thumb-portfolio size-thumb-portfolio wp-post-image\" alt=\"\" title=\"202 - Gatti\u00e8res copie\" \/>\t\t\t\t\t<\/div>\t\t\t\t\t\t\t\n\t\t\t\t\t<a  href=\"https:\/\/bfeintearchitectes.com\/index.php\/portfolio\/residence-gattieres-gattieres-nice\/\">\n\t\t\t\t\t\t<span class=\"project-overlay\">\n\t\t\t\t\t\t\t<span class=\"project-name id-color\">R\u00e9sidence Gatti\u00e8res &#8211; Gatti\u00e8res (Nice)<\/span>\t\n\t\t\t\t\t\t<\/span>\n\t\t\t\t\t<\/a>\t\n\t\t\t\t<\/div>\n\t        <\/div>\n\t        <!-- close gallery item -->\n\t                    \n\t        <!-- gallery item -->\n\t        <div class=\"project-item category-58 category-41  col-md-4\">\n\t        \t<div class=\"projects-box\">\n\t\t\t\t\t<div class=\"projects-thumbnail\">\n\t\t\t\t\t\t<img loading=\"lazy\" decoding=\"async\" width=\"750\" height=\"499\" src=\"https:\/\/bfeintearchitectes.com\/wp-content\/uploads\/2024\/03\/190-HSH-Chamonixt-A4-copie-750x499.jpg\" class=\"attachment-thumb-portfolio size-thumb-portfolio wp-post-image\" alt=\"\" title=\"190- HSH Chamonixt A4 copie\" \/>\t\t\t\t\t<\/div>\t\t\t\t\t\t\t\n\t\t\t\t\t<a  href=\"https:\/\/bfeintearchitectes.com\/index.php\/portfolio\/residences-des-pelerins-chamonix-mont-blanc-74\/\">\n\t\t\t\t\t\t<span class=\"project-overlay\">\n\t\t\t\t\t\t\t<span class=\"project-name id-color\">R\u00e9sidences des P\u00e8lerins &#8211; Chamonix Mont blanc (74)<\/span>\t\n\t\t\t\t\t\t<\/span>\n\t\t\t\t\t<\/a>\t\n\t\t\t\t<\/div>\n\t        <\/div>\n\t        <!-- close gallery item -->\n\t                    \n\t        <!-- gallery item -->\n\t        <div class=\"project-item category-58 category-41  col-md-4\">\n\t        \t<div class=\"projects-box\">\n\t\t\t\t\t<div class=\"projects-thumbnail\">\n\t\t\t\t\t\t<img loading=\"lazy\" decoding=\"async\" width=\"750\" height=\"499\" src=\"https:\/\/bfeintearchitectes.com\/wp-content\/uploads\/2024\/03\/186-Bellevue-A4-copie-750x499.jpg\" class=\"attachment-thumb-portfolio size-thumb-portfolio wp-post-image\" alt=\"\" title=\"186- Bellevue A4 copie\" \/>\t\t\t\t\t<\/div>\t\t\t\t\t\t\t\n\t\t\t\t\t<a  href=\"https:\/\/bfeintearchitectes.com\/index.php\/portfolio\/bellevue-coeur-de-cite-chambery-73\/\">\n\t\t\t\t\t\t<span class=\"project-overlay\">\n\t\t\t\t\t\t\t<span class=\"project-name id-color\">Bellevue Coeur de cite &#8211; Chambery (73)<\/span>\t\n\t\t\t\t\t\t<\/span>\n\t\t\t\t\t<\/a>\t\n\t\t\t\t<\/div>\n\t        <\/div>\n\t        <!-- close gallery item -->\n\t                    \n\t        <!-- gallery item -->\n\t        <div class=\"project-item category-58 category-41  col-md-4\">\n\t        \t<div class=\"projects-box\">\n\t\t\t\t\t<div class=\"projects-thumbnail\">\n\t\t\t\t\t\t<img loading=\"lazy\" decoding=\"async\" width=\"750\" height=\"499\" src=\"https:\/\/bfeintearchitectes.com\/wp-content\/uploads\/2024\/03\/181-Ste-Foy-A4-copie-750x499.jpg\" class=\"attachment-thumb-portfolio size-thumb-portfolio wp-post-image\" alt=\"\" title=\"181- Ste Foy A4 copie\" \/>\t\t\t\t\t<\/div>\t\t\t\t\t\t\t\n\t\t\t\t\t<a  href=\"https:\/\/bfeintearchitectes.com\/index.php\/portfolio\/caserne-romeuf-le-puy-en-velay-43\/\">\n\t\t\t\t\t\t<span class=\"project-overlay\">\n\t\t\t\t\t\t\t<span class=\"project-name id-color\">R\u00e9sidence de L&#8217;Hormet &#8211; Sainte Foy L\u00e8s Lyon (69)<\/span>\t\n\t\t\t\t\t\t<\/span>\n\t\t\t\t\t<\/a>\t\n\t\t\t\t<\/div>\n\t        <\/div>\n\t        <!-- close gallery item -->\n\t                    \n\t        <!-- gallery item -->\n\t        <div class=\"project-item category-58 category-41  col-md-4\">\n\t        \t<div class=\"projects-box\">\n\t\t\t\t\t<div class=\"projects-thumbnail\">\n\t\t\t\t\t\t<img loading=\"lazy\" decoding=\"async\" width=\"750\" height=\"499\" src=\"https:\/\/bfeintearchitectes.com\/wp-content\/uploads\/2024\/03\/176-TREVOUX-copie-750x499.jpg\" class=\"attachment-thumb-portfolio size-thumb-portfolio wp-post-image\" alt=\"\" title=\"176- TREVOUX copie\" \/>\t\t\t\t\t<\/div>\t\t\t\t\t\t\t\n\t\t\t\t\t<a  href=\"https:\/\/bfeintearchitectes.com\/index.php\/portfolio\/residence-berluison-trevoux-01\/\">\n\t\t\t\t\t\t<span class=\"project-overlay\">\n\t\t\t\t\t\t\t<span class=\"project-name id-color\">R\u00e9sidence Berluison &#8211; TREVOUX (01)<\/span>\t\n\t\t\t\t\t\t<\/span>\n\t\t\t\t\t<\/a>\t\n\t\t\t\t<\/div>\n\t        <\/div>\n\t        <!-- close gallery item -->\n\t                    \n\t        <!-- gallery item -->\n\t        <div class=\"project-item category-58 category-41  col-md-4\">\n\t        \t<div class=\"projects-box\">\n\t\t\t\t\t<div class=\"projects-thumbnail\">\n\t\t\t\t\t\t<img loading=\"lazy\" decoding=\"async\" width=\"750\" height=\"499\" src=\"https:\/\/bfeintearchitectes.com\/wp-content\/uploads\/2024\/03\/172-CREM-OPAC-38-A4-copie-750x499.jpg\" class=\"attachment-thumb-portfolio size-thumb-portfolio wp-post-image\" alt=\"\" title=\"A4\" \/>\t\t\t\t\t<\/div>\t\t\t\t\t\t\t\n\t\t\t\t\t<a  href=\"https:\/\/bfeintearchitectes.com\/index.php\/portfolio\/le-maine-echirolles-38\/\">\n\t\t\t\t\t\t<span class=\"project-overlay\">\n\t\t\t\t\t\t\t<span class=\"project-name id-color\">Le Maine &#8211; Echirolles (38)<\/span>\t\n\t\t\t\t\t\t<\/span>\n\t\t\t\t\t<\/a>\t\n\t\t\t\t<\/div>\n\t        <\/div>\n\t        <!-- close gallery item -->\n\t                    \n\t        <!-- gallery item -->\n\t        <div class=\"project-item category-58 category-41  col-md-4\">\n\t        \t<div class=\"projects-box\">\n\t\t\t\t\t<div class=\"projects-thumbnail\">\n\t\t\t\t\t\t<img loading=\"lazy\" decoding=\"async\" width=\"750\" height=\"499\" src=\"https:\/\/bfeintearchitectes.com\/wp-content\/uploads\/2024\/03\/170-Caserne-DESSAIX-A4-copie-750x499.jpg\" class=\"attachment-thumb-portfolio size-thumb-portfolio wp-post-image\" alt=\"\" title=\"Pr\u00e9sentation2\" \/>\t\t\t\t\t<\/div>\t\t\t\t\t\t\t\n\t\t\t\t\t<a  href=\"https:\/\/bfeintearchitectes.com\/index.php\/portfolio\/caserne-dessaix-annecy-74\/\">\n\t\t\t\t\t\t<span class=\"project-overlay\">\n\t\t\t\t\t\t\t<span class=\"project-name id-color\">Caserne Dessaix &#8211; Annecy (74)<\/span>\t\n\t\t\t\t\t\t<\/span>\n\t\t\t\t\t<\/a>\t\n\t\t\t\t<\/div>\n\t        <\/div>\n\t        <!-- close gallery item -->\n\t                    \n\t        <!-- gallery item -->\n\t        <div class=\"project-item category-58 category-41  col-md-4\">\n\t        \t<div class=\"projects-box\">\n\t\t\t\t\t<div class=\"projects-thumbnail\">\n\t\t\t\t\t\t<img loading=\"lazy\" decoding=\"async\" width=\"750\" height=\"499\" src=\"https:\/\/bfeintearchitectes.com\/wp-content\/uploads\/2024\/03\/160-3F-villefontaine-vert-bocage-A4-copie-750x499.jpg\" class=\"attachment-thumb-portfolio size-thumb-portfolio wp-post-image\" alt=\"\" title=\"A4\" \/>\t\t\t\t\t<\/div>\t\t\t\t\t\t\t\n\t\t\t\t\t<a  href=\"https:\/\/bfeintearchitectes.com\/index.php\/portfolio\/vert-bocage-villefontaine-38\/\">\n\t\t\t\t\t\t<span class=\"project-overlay\">\n\t\t\t\t\t\t\t<span class=\"project-name id-color\">VERT BOCAGE &#8211; Villefontaine (38)<\/span>\t\n\t\t\t\t\t\t<\/span>\n\t\t\t\t\t<\/a>\t\n\t\t\t\t<\/div>\n\t        <\/div>\n\t        <!-- close gallery item -->\n\t                    \n\t        <!-- gallery item -->\n\t        <div class=\"project-item category-58 category-41  col-md-4\">\n\t        \t<div class=\"projects-box\">\n\t\t\t\t\t<div class=\"projects-thumbnail\">\n\t\t\t\t\t\t<img loading=\"lazy\" decoding=\"async\" width=\"750\" height=\"499\" src=\"https:\/\/bfeintearchitectes.com\/wp-content\/uploads\/2024\/03\/159_L_Arbresle_La-Madeleine-A4-copie-750x499.jpg\" class=\"attachment-thumb-portfolio size-thumb-portfolio wp-post-image\" alt=\"\" title=\"159_L_Arbresle_La Madeleine A4 copie\" \/>\t\t\t\t\t<\/div>\t\t\t\t\t\t\t\n\t\t\t\t\t<a  href=\"https:\/\/bfeintearchitectes.com\/index.php\/portfolio\/residence-autonomie-la-madeleine-larbresle-69210\/\">\n\t\t\t\t\t\t<span class=\"project-overlay\">\n\t\t\t\t\t\t\t<span class=\"project-name id-color\">R\u00e9sidence Autonomie La Madeleine &#8211; L&#8217;Arbresle (69210)<\/span>\t\n\t\t\t\t\t\t<\/span>\n\t\t\t\t\t<\/a>\t\n\t\t\t\t<\/div>\n\t        <\/div>\n\t        <!-- close gallery item -->\n\t       \t    <\/div>\n\t    \t    \t<\/div>\n[\/vc_column][\/vc_row][vc_row css=&#8221;.vc_custom_1495621087732{padding-top: 90px !important;padding-bottom: 90px !important;background-image: url(http:\/\/demo.archiwp.com\/light-version\/wp-content\/uploads\/sites\/2\/2016\/10\/bg-16.jpg?id=1022) !important;}&#8221; el_class=&#8221;text-light bg-fixed&#8221;][vc_column]\t\n\t<!-- Element: OT Blog Slider -->\n    <div class=\"clearfix\"><\/div>\t\t\t\n    <ul class=\"blog-carousel blog-list blog-snippet wow fadeInUp\" data-visible=\"2\" data-autoplay=\"false\" data-speed=\"200\" data-navspeed=\"800\" data-rewinspeed=\"1000\">\n    \t        <li class=\"col-md-6 item\">\n            <div class=\"post-content\">\n                <div class=\"post-image\">\n                                        \t                  \t\t                  \t\t<a href=\"https:\/\/bfeintearchitectes.com\/index.php\/2022\/01\/07\/excepteur-sint-occaecat-cupidatat\/\" title=\"L&#8217;OPAC DE LA SAVOIE RETIENT VINCI &#8211; TECHNIWOOD POUR LE MGP ENERGIESPRONG DE 99 LOGEMENTS\">\n\t\t\t\t\t\t\t\t<img loading=\"lazy\" decoding=\"async\" width=\"540\" height=\"300\" src=\"https:\/\/bfeintearchitectes.com\/wp-content\/uploads\/2022\/01\/Copy-of-Perspective-Gresivaudan-2-540x300.jpg\" class=\"attachment-thumb-blog size-thumb-blog wp-post-image\" alt=\"\" title=\"Copy of Perspective Gr\u00e9sivaudan 2\" \/>\t\t\t\t\t\t\t<\/a>\n\t\t\t\t\t\t                  \t                <\/div>\n                \t                <div class=\"date-box\">\n\t                    <div class=\"day\">07<\/div>\n\t                    <div class=\"month\">Jan<\/div>\n\t                <\/div>\n                \n                <div class=\"post-text \">\n                    <h3><a href=\"https:\/\/bfeintearchitectes.com\/index.php\/2022\/01\/07\/excepteur-sint-occaecat-cupidatat\/\">L&#8217;OPAC DE LA SAVOIE RETIENT VINCI &#8211; TECHNIWOOD POUR LE MGP ENERGIESPRONG DE 99 LOGEMENTS<\/a><\/h3>\n                    <p>8 janvier. Techniwood, en Co-traitance avec Citin\u00e9a (Vinci Construction France) et le cabinet Bertrand Feinte Architectes, a remport\u00e9...<\/p>\n                <\/div>\n\n                            <\/div>\n        <\/li>\n           <\/ul>\n    \n[\/vc_column][\/vc_row]<\/p>\n<\/div>","protected":false},"excerpt":{"rendered":"<p>[vc_row fullwidth=&#8221;yes&#8221; archi_fullheight=&#8221;yes&#8221; archi_parallax=&#8221;yes&#8221; css=&#8221;.vc_custom_1481167301034{padding-top: 90px !important;padding-bottom: 90px !important;background-image: url(http:\/\/bfeintearchitectes.com\/wp-content\/uploads\/2016\/11\/bg-20.jpg?id=1143) !important;}&#8221; el_class=&#8221;no-relative full-height&#8221;][vc_column][\/vc_column][\/vc_row][vc_row][vc_column el_class=&#8221;mt-70&#8243;][\/vc_column][\/vc_row][vc_row el_id=&#8221;section-why-choose-us-2&#8243; css=&#8221;.vc_custom_1480068996195{padding-top: 90px !important;padding-bottom: 90px !important;}&#8221;][vc_column width=&#8221;1\/3&#8243;][vc_single_image image=&#8221;1017&#8243; img_size=&#8221;full&#8221; css=&#8221;.vc_custom_1495620378976{margin-bottom: 0px !important;}&#8221;][\/vc_column][vc_column width=&#8221;2\/3&#8243; animate=&#8221;fadeinup&#8221; delay=&#8221;0&#8243;][vc_row_inner][vc_column_inner width=&#8221;1\/2&#8243; animate=&#8221;fadeinright&#8221; delay=&#8221;0&#8243;][\/vc_column_inner][vc_column_inner width=&#8221;1\/2&#8243; animate=&#8221;fadeinright&#8221; delay=&#8221;.25&#8243;][\/vc_column_inner][vc_column_inner][vc_empty_space height=&#8221;30px&#8221;][\/vc_column_inner][vc_column_inner width=&#8221;1\/2&#8243; animate=&#8221;fadeinright&#8221; delay=&#8221;.5&#8243;][\/vc_column_inner][vc_column_inner width=&#8221;1\/2&#8243; animate=&#8221;fadeinright&#8221; delay=&#8221;.75&#8243;][\/vc_column_inner][vc_column_inner][vc_empty_space height=&#8221;30px&#8221;][\/vc_column_inner][vc_column_inner width=&#8221;1\/2&#8243; animate=&#8221;fadeinright&#8221; delay=&#8221;1&#8243;][\/vc_column_inner][vc_column_inner width=&#8221;1\/2&#8243; animate=&#8221;fadeinright&#8221; delay=&#8221;1.25&#8243;][\/vc_column_inner][\/vc_row_inner][\/vc_column][\/vc_row][vc_row css=&#8221;.vc_custom_1495620712799{padding-top: 90px !important;padding-bottom: 90px !important;background-image: url(http:\/\/demo.archiwp.com\/light-version\/wp-content\/uploads\/sites\/2\/2016\/10\/bg-17.jpg?id=1021) [&hellip;]<\/p>\n","protected":false},"author":3,"featured_media":0,"parent":0,"menu_order":0,"comment_status":"closed","ping_status":"closed","template":"page-templates\/template-canvas.php","meta":{"footnotes":""},"class_list":["post-1073","page","type-page","status-publish","hentry"],"_links":{"self":[{"href":"https:\/\/bfeintearchitectes.com\/index.php\/wp-json\/wp\/v2\/pages\/1073","targetHints":{"allow":["GET"]}}],"collection":[{"href":"https:\/\/bfeintearchitectes.com\/index.php\/wp-json\/wp\/v2\/pages"}],"about":[{"href":"https:\/\/bfeintearchitectes.com\/index.php\/wp-json\/wp\/v2\/types\/page"}],"author":[{"embeddable":true,"href":"https:\/\/bfeintearchitectes.com\/index.php\/wp-json\/wp\/v2\/users\/3"}],"replies":[{"embeddable":true,"href":"https:\/\/bfeintearchitectes.com\/index.php\/wp-json\/wp\/v2\/comments?post=1073"}],"version-history":[{"count":0,"href":"https:\/\/bfeintearchitectes.com\/index.php\/wp-json\/wp\/v2\/pages\/1073\/revisions"}],"wp:attachment":[{"href":"https:\/\/bfeintearchitectes.com\/index.php\/wp-json\/wp\/v2\/media?parent=1073"}],"curies":[{"name":"wp","href":"https:\/\/api.w.org\/{rel}","templated":true}]}}